{"id":752,"date":"2018-11-30T10:48:57","date_gmt":"2018-11-30T10:48:57","guid":{"rendered":"https:\/\/planet-eco.be\/contactez-nous\/"},"modified":"2025-04-07T14:04:28","modified_gmt":"2025-04-07T14:04:28","slug":"contactez-nous","status":"publish","type":"page","link":"https:\/\/planet-eco.be\/fr\/contactez-nous\/","title":{"rendered":"Contactez nous"},"content":{"rendered":"<div class=\"wpb-content-wrapper\"><p>[vc_row full_width=\u00a0\u00bbstretch_row_content_no_spaces\u00a0\u00bb][vc_column][vc_raw_html css=\u00a0\u00bb.vc_custom_1738577674691{margin-bottom: 0px !important;}\u00a0\u00bb]PGRpdiBzdHlsZT0iaGVpZ2h0OjQ1MHB4OyI+CjxpZnJhbWUgc3JjPSJodHRwczovL3d3dy5nb29nbGUuY29tL21hcHMvZW1iZWQ\/cGI9ITFtMTghMW0xMiExbTMhMWQyNjk4OTAuMDg1NzY0ODU3NCEyZDMuNjA0MjA1OTk2ODgxOTkyNCEzZDUxLjA2MzAxMDM3OTQyMTU3ITJtMyExZjAhMmYwITNmMCEzbTIhMWkxMDI0ITJpNzY4ITRmMTMuMSEzbTMhMW0yITFzMHg0N2MzYmIzZWI3ZDJkY2UxJTNBMHg3YzQ0OWYyY2U1N2NjNGIwITJzUGxhbmV0LWVjbyE1ZTAhM20yITFzbmwhMnNiZSE0djE3Mzg1Nzc1NzUwODghNW0yITFzbmwhMnNiZSIgd2lkdGg9IjYwMCIgaGVpZ2h0PSI0NTAiIGZyYW1lYm9yZGVyPSIwIiBzdHlsZT0iYm9yZGVyOjA7IHdpZHRoOjEwMCU7IiBhbGxvd2Z1bGxzY3JlZW49IiI+PC9pZnJhbWU+PC9kaXY+[\/vc_raw_html][\/vc_column][\/vc_row][vc_row cspt-bg-color=\u00a0\u00bbwhite\u00a0\u00bb cspt-zindex=\u00a0\u00bb2&Prime; cspt-responsive-css=\u00a0\u00bb80506668|colbreak_no||30px||30px|||60px||colbreak_yes|||||||||colbreak_no||||||||||colbreak_no|||||||||\u00a0\u00bb css=\u00a0\u00bb.vc_custom_1646109565558{padding-top: 0px !important;}\u00a0\u00bb][vc_column cspt-text-color=\u00a0\u00bbwhite\u00a0\u00bb cspt-bg-color=\u00a0\u00bbglobalcolor\u00a0\u00bb width=\u00a0\u00bb5\/12&Prime; cspt-responsive-css=\u00a0\u00bb73834559|colbreak_no||0||0|||||colbreak_no||0||0|||||colbreak_no||||||||||colbreak_no|||||||||\u00a0\u00bb css=\u00a0\u00bb.vc_custom_1646109657472{margin-top: -100px !important;margin-left: 15px !important;padding-top: 70px !important;padding-right: 60px !important;padding-bottom: 60px !important;padding-left: 60px !important;}\u00a0\u00bb][vc_custom_heading text=\u00a0\u00bbDes questions ?\u00a0\u00bb font_container=\u00a0\u00bbtag:h2|font_size:50px|text_align:left|line_height:65px\u00a0\u00bb use_theme_fonts=\u00a0\u00bbyes\u00a0\u00bb css=\u00a0\u00bb\u00a0\u00bb][vc_column_text css=\u00a0\u00bb.vc_custom_1738577744150{margin-bottom: 0px !important;}\u00a0\u00bb]Vous avez une question sur l&rsquo;un de nos services ou produits ? N&rsquo;h\u00e9sitez pas \u00e0 nous contacter via le formulaire de contact.[\/vc_column_text][vc_row_inner][vc_column_inner][vc_custom_heading text=\u00a0\u00bbLieu de travail :\u00a0\u00bb font_container=\u00a0\u00bbtag:h5|font_size:20px|text_align:left\u00a0\u00bb use_theme_fonts=\u00a0\u00bbyes\u00a0\u00bb css=\u00a0\u00bb\u00a0\u00bb][vc_column_text css=\u00a0\u00bb\u00a0\u00bb]Ring-Oost 14<br \/>\n9400 Ninove[\/vc_column_text][\/vc_column_inner][\/vc_row_inner][vc_row_inner css=\u00a0\u00bb.vc_custom_1543579475796{padding-top: 15px !important;}\u00a0\u00bb][vc_column_inner][vc_custom_heading text=\u00a0\u00bbHeures d&apos;ouverture :\u00a0\u00bb font_container=\u00a0\u00bbtag:h5|font_size:20px|text_align:left\u00a0\u00bb use_theme_fonts=\u00a0\u00bbyes\u00a0\u00bb css=\u00a0\u00bb\u00a0\u00bb][vc_column_text css=\u00a0\u00bb\u00a0\u00bb]<\/p>\n<p style=\"text-align: left;\"><strong>Du lundi au vendredi : <\/strong><br \/>\n<strong>08:30 &#8211; 17:00<\/strong><\/p>\n<p><strong>Samedi et dimanche :<\/strong><br \/>\n<strong>ferm\u00e9<\/strong>[\/vc_column_text][\/vc_column_inner][\/vc_row_inner][vc_row_inner][vc_column_inner][vc_custom_heading text=\u00a0\u00bbCoordonn\u00e9es de la personne \u00e0 contacter :  \u00a0\u00bb font_container=\u00a0\u00bbtag:h5|font_size:20px|text_align:left\u00a0\u00bb use_theme_fonts=\u00a0\u00bbyes\u00a0\u00bb css=\u00a0\u00bb\u00a0\u00bb][vc_column_text css=\u00a0\u00bb\u00a0\u00bb]Tel :<br \/>\n<a href=\"tel:080062626\">0800\/626.26<\/a><\/p>\n<p>Info\/rendez-vous :<br \/>\n<a href=\"mailto:info@planet-eco.be\">info@planet-eco.be<\/a><\/p>\n<p>Service :<br \/>\n<a href=\"mailto:service@planet-eco.be\">service@planet-eco.be<\/a><\/p>\n<p>Facturation :<br \/>\n<a href=\"mailto:boekhouding@planet-eco.be\">boekhouding@planet-eco.be<\/a>[\/vc_column_text][\/vc_column_inner][\/vc_row_inner][vc_column_text css=\u00a0\u00bb.vc_custom_1543579258561{margin-bottom: 0px !important;}\u00a0\u00bb]<ul class=\"cspt-social-links\"><li class=\"cspt-social-li cspt-social-facebook \"><a   href=\"https:\/\/www.facebook.com\/Planet-eco-437816869619985\/\" title=\"Facebook\" target=\"_blank\"><span><i class=\"cspt-base-icon-facebook-squared\"><\/i><\/span><\/a><\/li><li class=\"cspt-social-li cspt-social-linkedin \"><a   href=\"https:\/\/www.linkedin.com\/company\/planet-eco\/?originalSubdomain=be\" title=\"LinkedIn\" target=\"_blank\"><span><i class=\"cspt-base-icon-linkedin-squared\"><\/i><\/span><\/a><\/li><\/ul>[\/vc_column_text][\/vc_column][vc_column width=\u00a0\u00bb7\/12&Prime; cspt-responsive-css=\u00a0\u00bb65164017|colbreak_no|||||80px|0||50px|colbreak_no||0||0||0||0|colbreak_no|||||50px|||||colbreak_no|||||||||\u00a0\u00bb css=\u00a0\u00bb.vc_custom_1646109765087{padding-top: 90px !important;padding-left: 70px !important;}\u00a0\u00bb][vc_custom_heading text=\u00a0\u00bbEnvoyez-nous un message\u00a0\u00bb font_container=\u00a0\u00bbtag:h4|text_align:left\u00a0\u00bb use_theme_fonts=\u00a0\u00bbyes\u00a0\u00bb css=\u00a0\u00bb.vc_custom_1737663458267{margin-bottom: 30px !important;}\u00a0\u00bb]\n<div class=\"wpcf7 no-js\" id=\"wpcf7-f736-o1\" lang=\"fr-FR\" dir=\"ltr\" data-wpcf7-id=\"736\">\n<div class=\"screen-reader-response\"><p role=\"status\" aria-live=\"polite\" aria-atomic=\"true\"><\/p> <ul><\/ul><\/div>\n<form action=\"\/fr\/wp-json\/wp\/v2\/pages\/752#wpcf7-f736-o1\" method=\"post\" class=\"wpcf7-form init\" aria-label=\"Formulaire de contact\" enctype=\"multipart\/form-data\" novalidate=\"novalidate\" data-status=\"init\">\n<div style=\"display: none;\">\n<input type=\"hidden\" name=\"_wpcf7\" value=\"736\" \/>\n<input type=\"hidden\" name=\"_wpcf7_version\" value=\"6.0.6\" \/>\n<input type=\"hidden\" name=\"_wpcf7_locale\" value=\"fr_FR\" \/>\n<input type=\"hidden\" name=\"_wpcf7_unit_tag\" value=\"wpcf7-f736-o1\" \/>\n<input type=\"hidden\" name=\"_wpcf7_container_post\" value=\"0\" \/>\n<input type=\"hidden\" name=\"_wpcf7_posted_data_hash\" value=\"\" \/>\n<input type=\"hidden\" name=\"_wpcf7_recaptcha_response\" value=\"\" \/>\n<\/div>\n<div class=\"cspt-main-form\">\n\t<div class=\"row\">\n\t\t<div class=\"col-sm-12\">\n\t\t\t<div class=\"input-group\">\n\t\t\t\t<p><span class=\"wpcf7-form-control-wrap\" data-name=\"your-name\"><input size=\"40\" maxlength=\"400\" class=\"wpcf7-form-control wpcf7-text\" aria-invalid=\"false\" placeholder=\"Nom *\" value=\"\" type=\"text\" name=\"your-name\" \/><\/span>\n\t\t\t\t<\/p>\n\t\t\t<\/div>\n\t\t<\/div>\n\t\t<div class=\"col-sm-12\">\n\t\t\t<div class=\"input-group\">\n\t\t\t\t<p><span class=\"wpcf7-form-control-wrap\" data-name=\"your-email\"><input size=\"40\" maxlength=\"400\" class=\"wpcf7-form-control wpcf7-email wpcf7-validates-as-required wpcf7-text wpcf7-validates-as-email\" aria-required=\"true\" aria-invalid=\"false\" placeholder=\"Email *\" value=\"\" type=\"email\" name=\"your-email\" \/><\/span>\n\t\t\t\t<\/p>\n\t\t\t<\/div>\n\t\t<\/div>\n\t\t<div class=\"col-sm-12\">\n\t\t\t<div class=\"input-group\">\n\t\t\t\t<p><span class=\"wpcf7-form-control-wrap\" data-name=\"your-tel\"><input size=\"40\" maxlength=\"400\" class=\"wpcf7-form-control wpcf7-text wpcf7-validates-as-required\" aria-required=\"true\" aria-invalid=\"false\" placeholder=\"Num\u00e9ro de t\u00e9l\u00e9phone\" value=\"\" type=\"text\" name=\"your-tel\" \/><\/span>\n\t\t\t\t<\/p>\n\t\t\t<\/div>\n\t\t<\/div>\n\t\t<div class=\"col-sm-12\">\n\t\t\t<div class=\"input-group input-button\">\n\t\t\t\t<p><span class=\"wpcf7-form-control-wrap\" data-name=\"message\"><textarea cols=\"40\" rows=\"5\" maxlength=\"2000\" class=\"wpcf7-form-control wpcf7-textarea\" aria-invalid=\"false\" placeholder=\"Message\" name=\"message\"><\/textarea><\/span>\n\t\t\t\t<\/p>\n\t\t\t<\/div>\n\t\t<\/div>\n\t\t<div class=\"col-sm-12\">\n\t\t\t<div class=\"input-group input-button\">\n\t\t\t\t<p><span class=\"wpcf7-form-control-wrap\" data-name=\"file-903\"><input size=\"40\" class=\"wpcf7-form-control wpcf7-file\" accept=\"audio\/*,video\/*,image\/*\" aria-invalid=\"false\" type=\"file\" name=\"file-903\" \/><\/span>\n\t\t\t\t<\/p>\n\t\t\t<\/div>\n\t\t<\/div>\n\t\t<div class=\"col-sm-12\">\n\t\t\t<div class=\"input-group input-button\">\n\t\t\t\t<p><input class=\"wpcf7-form-control wpcf7-submit has-spinner\" type=\"submit\" value=\"Envoyer\" \/>\n\t\t\t\t<\/p>\n\t\t\t<\/div>\n\t\t<\/div>\n\t<\/div>\n<\/div><div class=\"wpcf7-response-output\" aria-hidden=\"true\"><\/div>\n<\/form>\n<\/div>\n[\/vc_column][\/vc_row]<\/p>\n<\/div>","protected":false},"excerpt":{"rendered":"<p>[vc_row full_width=\u00a0\u00bbstretch_row_content_no_spaces\u00a0\u00bb][vc_column][vc_raw_html css=\u00a0\u00bb.vc_custom_1738577674691{margin-bottom: 0px !important;}\u00a0\u00bb]PGRpdiBzdHlsZT0iaGVpZ2h0OjQ1MHB4OyI+CjxpZnJhbWUgc3JjPSJodHRwczovL3d3dy5nb29nbGUuY29tL21hcHMvZW1iZWQ\/cGI9ITFtMTghMW0xMiExbTMhMWQyNjk4OTAuMDg1NzY0ODU3NCEyZDMuNjA0MjA1OTk2ODgxOTkyNCEzZDUxLjA2MzAxMDM3OTQyMTU3ITJtMyExZjAhMmYwITNmMCEzbTIhMWkxMDI0ITJpNzY4ITRmMTMuMSEzbTMhMW0yITFzMHg0N2MzYmIzZWI3ZDJkY2UxJTNBMHg3YzQ0OWYyY2U1N2NjNGIwITJzUGxhbmV0LWVjbyE1ZTAhM20yITFzbmwhMnNiZSE0djE3Mzg1Nzc1NzUwODghNW0yITFzbmwhMnNiZSIgd2lkdGg9IjYwMCIgaGVpZ2h0PSI0NTAiIGZyYW1lYm9yZGVyPSIwIiBzdHlsZT0iYm9yZGVyOjA7IHdpZHRoOjEwMCU7IiBhbGxvd2Z1bGxzY3JlZW49IiI+PC9pZnJhbWU+PC9kaXY+[\/vc_raw_html][\/vc_column][\/vc_row][vc_row cspt-bg-color=\u00a0\u00bbwhite\u00a0\u00bb cspt-zindex=\u00a0\u00bb2&Prime; cspt-responsive-css=\u00a0\u00bb80506668|colbreak_no||30px||30px|||60px||colbreak_yes|||||||||colbreak_no||||||||||colbreak_no|||||||||\u00a0\u00bb css=\u00a0\u00bb.vc_custom_1646109565558{padding-top: 0px !important;}\u00a0\u00bb][vc_column cspt-text-color=\u00a0\u00bbwhite\u00a0\u00bb cspt-bg-color=\u00a0\u00bbglobalcolor\u00a0\u00bb width=\u00a0\u00bb5\/12&Prime; cspt-responsive-css=\u00a0\u00bb73834559|colbreak_no||0||0|||||colbreak_no||0||0|||||colbreak_no||||||||||colbreak_no|||||||||\u00a0\u00bb css=\u00a0\u00bb.vc_custom_1646109657472{margin-top: -100px !important;margin-left: 15px !important;padding-top: 70px !important;padding-right: 60px !important;padding-bottom: 60px !important;padding-left: 60px !important;}\u00a0\u00bb][vc_custom_heading text=\u00a0\u00bbDes questions ?\u00a0\u00bb font_container=\u00a0\u00bbtag:h2|font_size:50px|text_align:left|line_height:65px\u00a0\u00bb use_theme_fonts=\u00a0\u00bbyes\u00a0\u00bb css=\u00a0\u00bb\u00a0\u00bb][vc_column_text css=\u00a0\u00bb.vc_custom_1738577744150{margin-bottom: 0px !important;}\u00a0\u00bb]Vous avez une question sur l&rsquo;un de nos services ou produits ? N&rsquo;h\u00e9sitez pas \u00e0 nous contacter via le formulaire de contact.[\/vc_column_text][vc_row_inner][vc_column_inner][vc_custom_heading text=\u00a0\u00bbLieu de travail :\u00a0\u00bb font_container=\u00a0\u00bbtag:h5|font_size:20px|text_align:left\u00a0\u00bb use_theme_fonts=\u00a0\u00bbyes\u00a0\u00bb css=\u00a0\u00bb\u00a0\u00bb][vc_column_text css=\u00a0\u00bb\u00a0\u00bb]Ring-Oost 14 9400 Ninove[\/vc_column_text][\/vc_column_inner][\/vc_row_inner][vc_row_inner css=\u00a0\u00bb.vc_custom_1543579475796{padding-top:[&hellip;]<\/p>\n","protected":false},"author":1,"featured_media":0,"parent":0,"menu_order":23,"comment_status":"closed","ping_status":"closed","template":"","meta":{"_acf_changed":false,"footnotes":""},"class_list":["post-752","page","type-page","status-publish","hentry"],"acf":[],"yoast_head":"<!-- This site is optimized with the Yoast SEO plugin v25.0 - https:\/\/yoast.com\/wordpress\/plugins\/seo\/ -->\n<title>Contactez nous - Planet Eco<\/title>\n<meta name=\"robots\" content=\"index, follow, max-snippet:-1, max-image-preview:large, max-video-preview:-1\" \/>\n<link rel=\"canonical\" href=\"https:\/\/planet-eco.be\/fr\/contactez-nous\/\" \/>\n<meta property=\"og:locale\" content=\"fr_FR\" \/>\n<meta property=\"og:type\" content=\"article\" \/>\n<meta property=\"og:title\" content=\"Contactez nous - Planet Eco\" \/>\n<meta property=\"og:description\" content=\"[vc_row full_width=\u00a0\u00bbstretch_row_content_no_spaces\u00a0\u00bb][vc_column][vc_raw_html css=\u00a0\u00bb.vc_custom_1738577674691{margin-bottom: 0px !important;}\u00a0\u00bb]PGRpdiBzdHlsZT0iaGVpZ2h0OjQ1MHB4OyI+CjxpZnJhbWUgc3JjPSJodHRwczovL3d3dy5nb29nbGUuY29tL21hcHMvZW1iZWQ\/cGI9ITFtMTghMW0xMiExbTMhMWQyNjk4OTAuMDg1NzY0ODU3NCEyZDMuNjA0MjA1OTk2ODgxOTkyNCEzZDUxLjA2MzAxMDM3OTQyMTU3ITJtMyExZjAhMmYwITNmMCEzbTIhMWkxMDI0ITJpNzY4ITRmMTMuMSEzbTMhMW0yITFzMHg0N2MzYmIzZWI3ZDJkY2UxJTNBMHg3YzQ0OWYyY2U1N2NjNGIwITJzUGxhbmV0LWVjbyE1ZTAhM20yITFzbmwhMnNiZSE0djE3Mzg1Nzc1NzUwODghNW0yITFzbmwhMnNiZSIgd2lkdGg9IjYwMCIgaGVpZ2h0PSI0NTAiIGZyYW1lYm9yZGVyPSIwIiBzdHlsZT0iYm9yZGVyOjA7IHdpZHRoOjEwMCU7IiBhbGxvd2Z1bGxzY3JlZW49IiI+PC9pZnJhbWU+PC9kaXY+[\/vc_raw_html][\/vc_column][\/vc_row][vc_row cspt-bg-color=\u00a0\u00bbwhite\u00a0\u00bb cspt-zindex=\u00a0\u00bb2&Prime; cspt-responsive-css=\u00a0\u00bb80506668|colbreak_no||30px||30px|||60px||colbreak_yes|||||||||colbreak_no||||||||||colbreak_no|||||||||\u00a0\u00bb css=\u00a0\u00bb.vc_custom_1646109565558{padding-top: 0px !important;}\u00a0\u00bb][vc_column cspt-text-color=\u00a0\u00bbwhite\u00a0\u00bb cspt-bg-color=\u00a0\u00bbglobalcolor\u00a0\u00bb width=\u00a0\u00bb5\/12&Prime; cspt-responsive-css=\u00a0\u00bb73834559|colbreak_no||0||0|||||colbreak_no||0||0|||||colbreak_no||||||||||colbreak_no|||||||||\u00a0\u00bb css=\u00a0\u00bb.vc_custom_1646109657472{margin-top: -100px !important;margin-left: 15px !important;padding-top: 70px !important;padding-right: 60px !important;padding-bottom: 60px !important;padding-left: 60px !important;}\u00a0\u00bb][vc_custom_heading text=\u00a0\u00bbDes questions ?\u00a0\u00bb font_container=\u00a0\u00bbtag:h2|font_size:50px|text_align:left|line_height:65px\u00a0\u00bb use_theme_fonts=\u00a0\u00bbyes\u00a0\u00bb css=\u00a0\u00bb\u00a0\u00bb][vc_column_text css=\u00a0\u00bb.vc_custom_1738577744150{margin-bottom: 0px !important;}\u00a0\u00bb]Vous avez une question sur l&rsquo;un de nos services ou produits ? N&rsquo;h\u00e9sitez pas \u00e0 nous contacter via le formulaire de contact.[\/vc_column_text][vc_row_inner][vc_column_inner][vc_custom_heading text=\u00a0\u00bbLieu de travail :\u00a0\u00bb font_container=\u00a0\u00bbtag:h5|font_size:20px|text_align:left\u00a0\u00bb use_theme_fonts=\u00a0\u00bbyes\u00a0\u00bb css=\u00a0\u00bb\u00a0\u00bb][vc_column_text css=\u00a0\u00bb\u00a0\u00bb]Ring-Oost 14 9400 Ninove[\/vc_column_text][\/vc_column_inner][\/vc_row_inner][vc_row_inner css=\u00a0\u00bb.vc_custom_1543579475796{padding-top:[&hellip;]\" \/>\n<meta property=\"og:url\" content=\"https:\/\/planet-eco.be\/fr\/contactez-nous\/\" \/>\n<meta property=\"og:site_name\" content=\"Planet Eco\" \/>\n<meta property=\"article:modified_time\" content=\"2025-04-07T14:04:28+00:00\" \/>\n<meta name=\"twitter:card\" content=\"summary_large_image\" \/>\n<meta name=\"twitter:label1\" content=\"Dur\u00e9e de lecture estim\u00e9e\" \/>\n\t<meta name=\"twitter:data1\" content=\"2 minutes\" \/>\n<script type=\"application\/ld+json\" class=\"yoast-schema-graph\">{\"@context\":\"https:\/\/schema.org\",\"@graph\":[{\"@type\":\"WebPage\",\"@id\":\"https:\/\/planet-eco.be\/fr\/contactez-nous\/\",\"url\":\"https:\/\/planet-eco.be\/fr\/contactez-nous\/\",\"name\":\"Contactez nous - Planet Eco\",\"isPartOf\":{\"@id\":\"https:\/\/planet-eco.be\/fr\/#website\"},\"datePublished\":\"2018-11-30T10:48:57+00:00\",\"dateModified\":\"2025-04-07T14:04:28+00:00\",\"breadcrumb\":{\"@id\":\"https:\/\/planet-eco.be\/fr\/contactez-nous\/#breadcrumb\"},\"inLanguage\":\"fr-FR\",\"potentialAction\":[{\"@type\":\"ReadAction\",\"target\":[\"https:\/\/planet-eco.be\/fr\/contactez-nous\/\"]}]},{\"@type\":\"BreadcrumbList\",\"@id\":\"https:\/\/planet-eco.be\/fr\/contactez-nous\/#breadcrumb\",\"itemListElement\":[{\"@type\":\"ListItem\",\"position\":1,\"name\":\"Home\",\"item\":\"https:\/\/planet-eco.be\/fr\/\"},{\"@type\":\"ListItem\",\"position\":2,\"name\":\"Contactez nous\"}]},{\"@type\":\"WebSite\",\"@id\":\"https:\/\/planet-eco.be\/fr\/#website\",\"url\":\"https:\/\/planet-eco.be\/fr\/\",\"name\":\"Planet Eco\",\"description\":\"Sustainable Energy Solutions\",\"publisher\":{\"@id\":\"https:\/\/planet-eco.be\/fr\/#organization\"},\"potentialAction\":[{\"@type\":\"SearchAction\",\"target\":{\"@type\":\"EntryPoint\",\"urlTemplate\":\"https:\/\/planet-eco.be\/fr\/?s={search_term_string}\"},\"query-input\":{\"@type\":\"PropertyValueSpecification\",\"valueRequired\":true,\"valueName\":\"search_term_string\"}}],\"inLanguage\":\"fr-FR\"},{\"@type\":\"Organization\",\"@id\":\"https:\/\/planet-eco.be\/fr\/#organization\",\"name\":\"Planet Eco\",\"url\":\"https:\/\/planet-eco.be\/fr\/\",\"logo\":{\"@type\":\"ImageObject\",\"inLanguage\":\"fr-FR\",\"@id\":\"https:\/\/planet-eco.be\/fr\/#\/schema\/logo\/image\/\",\"url\":\"https:\/\/planet-eco.be\/wp-content\/uploads\/2024\/11\/planet_eco_white.png\",\"contentUrl\":\"https:\/\/planet-eco.be\/wp-content\/uploads\/2024\/11\/planet_eco_white.png\",\"width\":1846,\"height\":476,\"caption\":\"Planet Eco\"},\"image\":{\"@id\":\"https:\/\/planet-eco.be\/fr\/#\/schema\/logo\/image\/\"}}]}<\/script>\n<!-- \/ Yoast SEO plugin. -->","yoast_head_json":{"title":"Contactez nous - Planet Eco","robots":{"index":"index","follow":"follow","max-snippet":"max-snippet:-1","max-image-preview":"max-image-preview:large","max-video-preview":"max-video-preview:-1"},"canonical":"https:\/\/planet-eco.be\/fr\/contactez-nous\/","og_locale":"fr_FR","og_type":"article","og_title":"Contactez nous - Planet Eco","og_description":"[vc_row full_width=\u00a0\u00bbstretch_row_content_no_spaces\u00a0\u00bb][vc_column][vc_raw_html css=\u00a0\u00bb.vc_custom_1738577674691{margin-bottom: 0px !important;}\u00a0\u00bb]PGRpdiBzdHlsZT0iaGVpZ2h0OjQ1MHB4OyI+CjxpZnJhbWUgc3JjPSJodHRwczovL3d3dy5nb29nbGUuY29tL21hcHMvZW1iZWQ\/cGI9ITFtMTghMW0xMiExbTMhMWQyNjk4OTAuMDg1NzY0ODU3NCEyZDMuNjA0MjA1OTk2ODgxOTkyNCEzZDUxLjA2MzAxMDM3OTQyMTU3ITJtMyExZjAhMmYwITNmMCEzbTIhMWkxMDI0ITJpNzY4ITRmMTMuMSEzbTMhMW0yITFzMHg0N2MzYmIzZWI3ZDJkY2UxJTNBMHg3YzQ0OWYyY2U1N2NjNGIwITJzUGxhbmV0LWVjbyE1ZTAhM20yITFzbmwhMnNiZSE0djE3Mzg1Nzc1NzUwODghNW0yITFzbmwhMnNiZSIgd2lkdGg9IjYwMCIgaGVpZ2h0PSI0NTAiIGZyYW1lYm9yZGVyPSIwIiBzdHlsZT0iYm9yZGVyOjA7IHdpZHRoOjEwMCU7IiBhbGxvd2Z1bGxzY3JlZW49IiI+PC9pZnJhbWU+PC9kaXY+[\/vc_raw_html][\/vc_column][\/vc_row][vc_row cspt-bg-color=\u00a0\u00bbwhite\u00a0\u00bb cspt-zindex=\u00a0\u00bb2&Prime; cspt-responsive-css=\u00a0\u00bb80506668|colbreak_no||30px||30px|||60px||colbreak_yes|||||||||colbreak_no||||||||||colbreak_no|||||||||\u00a0\u00bb css=\u00a0\u00bb.vc_custom_1646109565558{padding-top: 0px !important;}\u00a0\u00bb][vc_column cspt-text-color=\u00a0\u00bbwhite\u00a0\u00bb cspt-bg-color=\u00a0\u00bbglobalcolor\u00a0\u00bb width=\u00a0\u00bb5\/12&Prime; cspt-responsive-css=\u00a0\u00bb73834559|colbreak_no||0||0|||||colbreak_no||0||0|||||colbreak_no||||||||||colbreak_no|||||||||\u00a0\u00bb css=\u00a0\u00bb.vc_custom_1646109657472{margin-top: -100px !important;margin-left: 15px !important;padding-top: 70px !important;padding-right: 60px !important;padding-bottom: 60px !important;padding-left: 60px !important;}\u00a0\u00bb][vc_custom_heading text=\u00a0\u00bbDes questions ?\u00a0\u00bb font_container=\u00a0\u00bbtag:h2|font_size:50px|text_align:left|line_height:65px\u00a0\u00bb use_theme_fonts=\u00a0\u00bbyes\u00a0\u00bb css=\u00a0\u00bb\u00a0\u00bb][vc_column_text css=\u00a0\u00bb.vc_custom_1738577744150{margin-bottom: 0px !important;}\u00a0\u00bb]Vous avez une question sur l&rsquo;un de nos services ou produits ? N&rsquo;h\u00e9sitez pas \u00e0 nous contacter via le formulaire de contact.[\/vc_column_text][vc_row_inner][vc_column_inner][vc_custom_heading text=\u00a0\u00bbLieu de travail :\u00a0\u00bb font_container=\u00a0\u00bbtag:h5|font_size:20px|text_align:left\u00a0\u00bb use_theme_fonts=\u00a0\u00bbyes\u00a0\u00bb css=\u00a0\u00bb\u00a0\u00bb][vc_column_text css=\u00a0\u00bb\u00a0\u00bb]Ring-Oost 14 9400 Ninove[\/vc_column_text][\/vc_column_inner][\/vc_row_inner][vc_row_inner css=\u00a0\u00bb.vc_custom_1543579475796{padding-top:[&hellip;]","og_url":"https:\/\/planet-eco.be\/fr\/contactez-nous\/","og_site_name":"Planet Eco","article_modified_time":"2025-04-07T14:04:28+00:00","twitter_card":"summary_large_image","twitter_misc":{"Dur\u00e9e de lecture estim\u00e9e":"2 minutes"},"schema":{"@context":"https:\/\/schema.org","@graph":[{"@type":"WebPage","@id":"https:\/\/planet-eco.be\/fr\/contactez-nous\/","url":"https:\/\/planet-eco.be\/fr\/contactez-nous\/","name":"Contactez nous - Planet Eco","isPartOf":{"@id":"https:\/\/planet-eco.be\/fr\/#website"},"datePublished":"2018-11-30T10:48:57+00:00","dateModified":"2025-04-07T14:04:28+00:00","breadcrumb":{"@id":"https:\/\/planet-eco.be\/fr\/contactez-nous\/#breadcrumb"},"inLanguage":"fr-FR","potentialAction":[{"@type":"ReadAction","target":["https:\/\/planet-eco.be\/fr\/contactez-nous\/"]}]},{"@type":"BreadcrumbList","@id":"https:\/\/planet-eco.be\/fr\/contactez-nous\/#breadcrumb","itemListElement":[{"@type":"ListItem","position":1,"name":"Home","item":"https:\/\/planet-eco.be\/fr\/"},{"@type":"ListItem","position":2,"name":"Contactez nous"}]},{"@type":"WebSite","@id":"https:\/\/planet-eco.be\/fr\/#website","url":"https:\/\/planet-eco.be\/fr\/","name":"Planet Eco","description":"Sustainable Energy Solutions","publisher":{"@id":"https:\/\/planet-eco.be\/fr\/#organization"},"potentialAction":[{"@type":"SearchAction","target":{"@type":"EntryPoint","urlTemplate":"https:\/\/planet-eco.be\/fr\/?s={search_term_string}"},"query-input":{"@type":"PropertyValueSpecification","valueRequired":true,"valueName":"search_term_string"}}],"inLanguage":"fr-FR"},{"@type":"Organization","@id":"https:\/\/planet-eco.be\/fr\/#organization","name":"Planet Eco","url":"https:\/\/planet-eco.be\/fr\/","logo":{"@type":"ImageObject","inLanguage":"fr-FR","@id":"https:\/\/planet-eco.be\/fr\/#\/schema\/logo\/image\/","url":"https:\/\/planet-eco.be\/wp-content\/uploads\/2024\/11\/planet_eco_white.png","contentUrl":"https:\/\/planet-eco.be\/wp-content\/uploads\/2024\/11\/planet_eco_white.png","width":1846,"height":476,"caption":"Planet Eco"},"image":{"@id":"https:\/\/planet-eco.be\/fr\/#\/schema\/logo\/image\/"}}]}},"_links":{"self":[{"href":"https:\/\/planet-eco.be\/fr\/wp-json\/wp\/v2\/pages\/752","targetHints":{"allow":["GET"]}}],"collection":[{"href":"https:\/\/planet-eco.be\/fr\/wp-json\/wp\/v2\/pages"}],"about":[{"href":"https:\/\/planet-eco.be\/fr\/wp-json\/wp\/v2\/types\/page"}],"author":[{"embeddable":true,"href":"https:\/\/planet-eco.be\/fr\/wp-json\/wp\/v2\/users\/1"}],"replies":[{"embeddable":true,"href":"https:\/\/planet-eco.be\/fr\/wp-json\/wp\/v2\/comments?post=752"}],"version-history":[{"count":2,"href":"https:\/\/planet-eco.be\/fr\/wp-json\/wp\/v2\/pages\/752\/revisions"}],"predecessor-version":[{"id":754,"href":"https:\/\/planet-eco.be\/fr\/wp-json\/wp\/v2\/pages\/752\/revisions\/754"}],"wp:attachment":[{"href":"https:\/\/planet-eco.be\/fr\/wp-json\/wp\/v2\/media?parent=752"}],"curies":[{"name":"wp","href":"https:\/\/api.w.org\/{rel}","templated":true}]}}